{"id":12294,"date":"2022-07-14T13:44:58","date_gmt":"2022-07-14T13:44:58","guid":{"rendered":"https:\/\/debontegroup.com\/?page_id=12294"},"modified":"2022-11-18T13:45:43","modified_gmt":"2022-11-18T13:45:43","slug":"nouvelles","status":"publish","type":"page","link":"https:\/\/debontegroup.com\/fr\/nouvelles\/","title":{"rendered":"Nouvelles"},"content":{"rendered":"<p>[et_pb_section fb_built=\u00a0\u00bb1&Prime; module_id=\u00a0\u00bbanchor-products\u00a0\u00bb _builder_version=\u00a0\u00bb4.17.5&Prime; _module_preset=\u00a0\u00bbdefault\u00a0\u00bb background_color=\u00a0\u00bb#F7F7F7&Prime; background_enable_image=\u00a0\u00bboff\u00a0\u00bb parallax=\u00a0\u00bbon\u00a0\u00bb custom_padding=\u00a0\u00bb0px||||false|false\u00a0\u00bb background_last_edited=\u00a0\u00bboff|desktop\u00a0\u00bb background_image_tablet=\u00a0\u00bbhttps:\/\/debontegroup.com\/wp-content\/uploads\/2021\/12\/banner-haakjes-MOBILE.png\u00a0\u00bb background_enable_image_tablet=\u00a0\u00bbon\u00a0\u00bb parallax_tablet=\u00a0\u00bboff\u00a0\u00bb locked=\u00a0\u00bboff\u00a0\u00bb global_colors_info=\u00a0\u00bb{}\u00a0\u00bb][et_pb_row _builder_version=\u00a0\u00bb4.16&Prime; _module_preset=\u00a0\u00bbdefault\u00a0\u00bb custom_padding=\u00a0\u00bb||37px|||\u00a0\u00bb global_colors_info=\u00a0\u00bb{}\u00a0\u00bb][et_pb_column type=\u00a0\u00bb4_4&Prime; _builder_version=\u00a0\u00bb4.16&Prime; _module_preset=\u00a0\u00bbdefault\u00a0\u00bb global_colors_info=\u00a0\u00bb{}\u00a0\u00bb][lwp_divi_breadcrumbs font_icon=\u00a0\u00bb&#x39;||divi||400&Prime; link_color=\u00a0\u00bb#000000&Prime; separator_color=\u00a0\u00bb#636466&Prime; _builder_version=\u00a0\u00bb4.17.5&Prime; _module_preset=\u00a0\u00bbdefault\u00a0\u00bb global_colors_info=\u00a0\u00bb{}\u00a0\u00bb][\/lwp_divi_breadcrumbs][\/et_pb_column][\/et_pb_row][et_pb_row _builder_version=\u00a0\u00bb4.17.5&Prime; _module_preset=\u00a0\u00bbdefault\u00a0\u00bb global_colors_info=\u00a0\u00bb{}\u00a0\u00bb][et_pb_column type=\u00a0\u00bb4_4&Prime; _builder_version=\u00a0\u00bb4.17.5&Prime; _module_preset=\u00a0\u00bbdefault\u00a0\u00bb global_colors_info=\u00a0\u00bb{}\u00a0\u00bb][et_pb_search exclude_pages=\u00a0\u00bbon\u00a0\u00bb _builder_version=\u00a0\u00bb4.17.5&Prime; _module_preset=\u00a0\u00bbdefault\u00a0\u00bb global_colors_info=\u00a0\u00bb{}\u00a0\u00bb][\/et_pb_search][\/et_pb_column][\/et_pb_row][et_pb_row _builder_version=\u00a0\u00bb4.17.5&Prime; _module_preset=\u00a0\u00bbdefault\u00a0\u00bb global_colors_info=\u00a0\u00bb{}\u00a0\u00bb][et_pb_column type=\u00a0\u00bb4_4&Prime; _builder_version=\u00a0\u00bb4.17.5&Prime; _module_preset=\u00a0\u00bbdefault\u00a0\u00bb global_colors_info=\u00a0\u00bb{}\u00a0\u00bb][et_pb_text _builder_version=\u00a0\u00bb4.19.0&Prime; _module_preset=\u00a0\u00bbdefault\u00a0\u00bb hover_enabled=\u00a0\u00bb0&Prime; global_colors_info=\u00a0\u00bb{}\u00a0\u00bb sticky_enabled=\u00a0\u00bb0&Prime;]<\/p>\n<h1>Derni\u00e8res nouvelles<\/h1>\n<p>[\/et_pb_text][\/et_pb_column][\/et_pb_row][et_pb_row _builder_version=\u00a0\u00bb4.17.5&Prime; _module_preset=\u00a0\u00bbdefault\u00a0\u00bb global_colors_info=\u00a0\u00bb{}\u00a0\u00bb][et_pb_column type=\u00a0\u00bb4_4&Prime; _builder_version=\u00a0\u00bb4.17.5&Prime; _module_preset=\u00a0\u00bbdefault\u00a0\u00bb global_colors_info=\u00a0\u00bb{}\u00a0\u00bb][et_pb_text _builder_version=\u00a0\u00bb4.17.5&Prime; _module_preset=\u00a0\u00bbdefault\u00a0\u00bb global_colors_info=\u00a0\u00bb{}\u00a0\u00bb]<div class='posts'><div class='post post-firstlevel'><div class='post-fimg'><a href='https:\/\/debontegroup.com\/fr\/?post_type=post&p=19516'><img src='https:\/\/debontegroup.com\/wp-content\/uploads\/2025\/06\/Bredene-halfweg.jpg' \/><\/a><\/div><h4 class='post-title'>De Bonte Group propose une solution de voie verte type ladder track<\/h4><div class='post-content'><!-- wp:paragraph -->\n<p>Avec la Voie Verte, nous r\u00e9unissons nature et technique dans un syst\u00e8me innovant. Nos \u00e9l\u00e9ments pr\u00e9fabriqu\u00e9s en b\u00e9ton type ladder track permettent de cr\u00e9er une voie de tramway verte avec une couche v\u00e9g\u00e9tale int\u00e9gr\u00e9e. Cette solution assure un rafra\u00eechissement urbain, une r\u00e9duction des nuisances sonores et une infiltration naturelle des eaux de pluie. Gr\u00e2ce \u00e0 sa structure modulaire, sa pose rapide et son entretien minimal, c\u2019est la solution id\u00e9ale pour les lignes de tramway durables. Adapt\u00e9e aux trac\u00e9s droits ou en courbe, avec ou sans d\u00e9vers jusqu\u2019\u00e0 40 mm. D\u00e9couvrez comment notre approche <strong>Infranature<\/strong> donne un \u00e9lan vert au renouvellement urbain et contactez-nous. <\/p>\n<!-- \/wp:paragraph -->\n\n<!-- wp:paragraph -->\n<p><em><br><\/em><\/p>\n<!-- \/wp:paragraph -->\n\n<!-- wp:paragraph -->\n<p><\/p>\n<!-- \/wp:paragraph -->\n\n<!-- wp:paragraph -->\n<p><\/p>\n<!-- \/wp:paragraph -->\n\n<!-- wp:paragraph -->\n<p><\/p>\n<!-- \/wp:paragraph -->\n\n<!-- wp:paragraph -->\n<p><\/p>\n<!-- \/wp:paragraph -->\n\n<!-- wp:paragraph -->\n<p><\/p>\n<!-- \/wp:paragraph --><\/div><\/div><h2 class='posts-subtitle'>Meer nieuws<\/h2><div class='post post-thirdlevel'><div class='post-imagecontainer'><div class='post-fimg'><a href='https:\/\/debontegroup.com\/fr\/?post_type=post&p=19488'><img src='https:\/\/debontegroup.com\/wp-content\/uploads\/2022\/09\/Render-DELTA-O3004000BB-1024x876.png' \/><\/a><\/div><\/div><div class='post-textcontainer'><h4 class='post-title'>News flash: Le Groupe De Bonte franchit une nouvelle \u00e9tape strat\u00e9gique dans son d\u00e9veloppement<\/h4><div class='post-content'><\/div><\/div><a href='https:\/\/debontegroup.com\/fr\/?post_type=post&p=19488' class='post-readmore'>lire plus<\/a><\/div><div class='post post-thirdlevel'><div class='post-imagecontainer'><div class='post-fimg'><a href='https:\/\/debontegroup.com\/fr\/?post_type=post&p=19052'><img src='https:\/\/debontegroup.com\/wp-content\/uploads\/2024\/04\/Statische-visual-DBG_Sateba-1024x601.png' \/><\/a><\/div><\/div><div class='post-textcontainer'><h4 class='post-title'>Acquisition par Sateba officiellement accomplie<\/h4><div class='post-content'><\/div><\/div><a href='https:\/\/debontegroup.com\/fr\/?post_type=post&p=19052' class='post-readmore'>lire plus<\/a><\/div><div class='post post-thirdlevel'><div class='post-imagecontainer'><div class='post-fimg'><a href='https:\/\/debontegroup.com\/fr\/?post_type=post&p=18913'><img src='https:\/\/debontegroup.com\/wp-content\/uploads\/2024\/05\/slimme_straat-DEF_hires-Wiekevorst.jpg' \/><\/a><\/div><\/div><div class='post-textcontainer'><h4 class='post-title'>'Connexion avec la nature': D\u00e9couvrez l'article dans Construire la Wallonie ! (seulement en NL)<\/h4><div class='post-content'><\/div><\/div><a href='https:\/\/debontegroup.com\/fr\/?post_type=post&p=18913' class='post-readmore'>lire plus<\/a><\/div><div class='post post-thirdlevel'><div class='post-imagecontainer'><div class='post-fimg'><a href='https:\/\/debontegroup.com\/fr\/?post_type=post&p=18882'><img src='https:\/\/debontegroup.com\/wp-content\/uploads\/2024\/04\/Statische-visual-DBG_Sateba-1024x601.png' \/><\/a><\/div><\/div><div class='post-textcontainer'><h4 class='post-title'>Vente des d\u00e9partements de production d\u00e9di\u00e9s aux traverses en b\u00e9ton de ciment classiques \u00e0 Sateba<\/h4><div class='post-content'><\/div><\/div><a href='https:\/\/debontegroup.com\/fr\/?post_type=post&p=18882' class='post-readmore'>lire plus<\/a><\/div><ul class='post-pagination'><li class='currpage'>1<\/li><li><a href='\/nieuws\/page\/2\/'>2<\/a><\/li><li><a href='\/nieuws\/page\/3\/'>3<\/a><\/li><li><a href='\/nieuws\/page\/4\/'>4<\/a><\/li><\/ul><\/div><br \/>\n[\/et_pb_text][\/et_pb_column][\/et_pb_row][\/et_pb_section]<\/p>\n","protected":false},"excerpt":{"rendered":"<p><div class=\"et_pb_module lwp_divi_breadcrumbs lwp_divi_breadcrumbs_0\">\n\t\t\t\t\n\t\t\t\t\n\t\t\t\t\n\t\t\t\t\n\t\t\t\t\n\t\t\t\t\n\t\t\t\t<div class=\"et_pb_module_inner\">\n\t\t\t\t\t<div class=\"lwp-breadcrumbs\"> <span class=\"before\"><\/span> <span vocab=\"https:\/\/schema.org\/\" typeof=\"BreadcrumbList\"><span property=\"itemListElement\" typeof=\"ListItem\"><a property=\"item\" typeof=\"WebPage\" href=\"https:\/\/debontegroup.com\/fr\/\" class=\"home\"><span property=\"name\">Home<\/span><\/a><meta property=\"position\" content=\"1\"><\/span> <span class=\"separator et-pb-icon\">9<\/span> <\/span><\/div>\n\t\t\t\t<\/div>\n\t\t\t<\/div>Derni\u00e8res nouvelles<div class='posts'><div class='post post-firstlevel'><div class='post-fimg'><a href='https:\/\/debontegroup.com\/fr\/?post_type=post&p=19516'><img src='https:\/\/debontegroup.com\/wp-content\/uploads\/2025\/06\/Bredene-halfweg.jpg' \/><\/a><\/div><h4 class='post-title'>De Bonte Group propose une solution de voie verte type ladder track<\/h4><div class='post-content'><!-- wp:paragraph -->\n<p>Avec la Voie Verte, nous r\u00e9unissons nature et technique dans un syst\u00e8me innovant. Nos \u00e9l\u00e9ments pr\u00e9fabriqu\u00e9s en b\u00e9ton type ladder track permettent de cr\u00e9er une voie de tramway verte avec une couche v\u00e9g\u00e9tale int\u00e9gr\u00e9e. Cette solution assure un rafra\u00eechissement urbain, une r\u00e9duction des nuisances sonores et une infiltration naturelle des eaux de pluie. Gr\u00e2ce \u00e0 sa structure modulaire, sa pose rapide et son entretien minimal, c\u2019est la solution id\u00e9ale pour les lignes de tramway durables. Adapt\u00e9e aux trac\u00e9s droits ou en courbe, avec ou sans d\u00e9vers jusqu\u2019\u00e0 40 mm. D\u00e9couvrez comment notre approche <strong>Infranature<\/strong> donne un \u00e9lan vert au renouvellement urbain et contactez-nous. <\/p>\n<!-- \/wp:paragraph -->\n\n<!-- wp:paragraph -->\n<p><em><br><\/em><\/p>\n<!-- \/wp:paragraph -->\n\n<!-- wp:paragraph -->\n<p><\/p>\n<!-- \/wp:paragraph -->\n\n<!-- wp:paragraph -->\n<p><\/p>\n<!-- \/wp:paragraph -->\n\n<!-- wp:paragraph -->\n<p><\/p>\n<!-- \/wp:paragraph -->\n\n<!-- wp:paragraph -->\n<p><\/p>\n<!-- \/wp:paragraph -->\n\n<!-- wp:paragraph -->\n<p><\/p>\n<!-- \/wp:paragraph --><\/div><\/div><h2 class='posts-subtitle'>Meer nieuws<\/h2><div class='post post-thirdlevel'><div class='post-imagecontainer'><div class='post-fimg'><a href='https:\/\/debontegroup.com\/fr\/?post_type=post&p=19488'><img src='https:\/\/debontegroup.com\/wp-content\/uploads\/2022\/09\/Render-DELTA-O3004000BB-1024x876.png' \/><\/a><\/div><\/div><div class='post-textcontainer'><h4 class='post-title'>News flash: Le Groupe De Bonte franchit une nouvelle \u00e9tape strat\u00e9gique dans son d\u00e9veloppement<\/h4><div class='post-content'><\/div><\/div><a href='https:\/\/debontegroup.com\/fr\/?post_type=post&p=19488' class='post-readmore'>lire plus<\/a><\/div><div class='post post-thirdlevel'><div class='post-imagecontainer'><div class='post-fimg'><a href='https:\/\/debontegroup.com\/fr\/?post_type=post&p=19052'><img src='https:\/\/debontegroup.com\/wp-content\/uploads\/2024\/04\/Statische-visual-DBG_Sateba-1024x601.png' \/><\/a><\/div><\/div><div class='post-textcontainer'><h4 class='post-title'>Acquisition par Sateba officiellement accomplie<\/h4><div class='post-content'><\/div><\/div><a href='https:\/\/debontegroup.com\/fr\/?post_type=post&p=19052' class='post-readmore'>lire plus<\/a><\/div><div class='post post-thirdlevel'><div class='post-imagecontainer'><div class='post-fimg'><a href='https:\/\/debontegroup.com\/fr\/?post_type=post&p=18913'><img src='https:\/\/debontegroup.com\/wp-content\/uploads\/2024\/05\/slimme_straat-DEF_hires-Wiekevorst.jpg' \/><\/a><\/div><\/div><div class='post-textcontainer'><h4 class='post-title'>'Connexion avec la nature': D\u00e9couvrez l'article dans Construire la Wallonie ! (seulement en NL)<\/h4><div class='post-content'><\/div><\/div><a href='https:\/\/debontegroup.com\/fr\/?post_type=post&p=18913' class='post-readmore'>lire plus<\/a><\/div><div class='post post-thirdlevel'><div class='post-imagecontainer'><div class='post-fimg'><a href='https:\/\/debontegroup.com\/fr\/?post_type=post&p=18882'><img src='https:\/\/debontegroup.com\/wp-content\/uploads\/2024\/04\/Statische-visual-DBG_Sateba-1024x601.png' \/><\/a><\/div><\/div><div class='post-textcontainer'><h4 class='post-title'>Vente des d\u00e9partements de production d\u00e9di\u00e9s aux traverses en b\u00e9ton de ciment classiques \u00e0 Sateba<\/h4><div class='post-content'><\/div><\/div><a href='https:\/\/debontegroup.com\/fr\/?post_type=post&p=18882' class='post-readmore'>lire plus<\/a><\/div><ul class='post-pagination'><li class='currpage'>1<\/li><li><a href='\/nieuws\/page\/2\/'>2<\/a><\/li><li><a href='\/nieuws\/page\/3\/'>3<\/a><\/li><li><a href='\/nieuws\/page\/4\/'>4<\/a><\/li><\/ul><\/div><\/p>\n","protected":false},"author":2,"featured_media":0,"parent":0,"menu_order":242,"comment_status":"closed","ping_status":"closed","template":"","meta":{"_acf_changed":false,"_et_pb_use_builder":"on","_et_pb_old_content":"","_et_gb_content_width":"","footnotes":""},"class_list":["post-12294","page","type-page","status-publish","hentry"],"acf":[],"yoast_head":"<!-- This site is optimized with the Yoast SEO plugin v27.5 - https:\/\/yoast.com\/product\/yoast-seo-wordpress\/ -->\n<title>Nouvelles - De Bonte Group<\/title>\n<meta name=\"robots\" content=\"index, follow, max-snippet:-1, max-image-preview:large, max-video-preview:-1\" \/>\n<link rel=\"canonical\" href=\"https:\/\/debontegroup.com\/nieuws\/\" \/>\n<meta property=\"og:locale\" content=\"fr_FR\" \/>\n<meta property=\"og:type\" content=\"article\" \/>\n<meta property=\"og:title\" content=\"Nouvelles - De Bonte Group\" \/>\n<meta property=\"og:description\" content=\"Derni\u00e8res nouvelles\" \/>\n<meta property=\"og:url\" content=\"https:\/\/debontegroup.com\/nieuws\/\" \/>\n<meta property=\"og:site_name\" content=\"De Bonte Group\" \/>\n<meta property=\"article:modified_time\" content=\"2022-11-18T13:45:43+00:00\" \/>\n<meta name=\"twitter:card\" content=\"summary_large_image\" \/>\n<meta name=\"twitter:label1\" content=\"Dur\u00e9e de lecture estim\u00e9e\" \/>\n\t<meta name=\"twitter:data1\" content=\"1 minute\" \/>\n<script type=\"application\/ld+json\" class=\"yoast-schema-graph\">{\"@context\":\"https:\\\/\\\/schema.org\",\"@graph\":[{\"@type\":\"WebPage\",\"@id\":\"https:\\\/\\\/debontegroup.com\\\/nieuws\\\/\",\"url\":\"https:\\\/\\\/debontegroup.com\\\/nieuws\\\/\",\"name\":\"Nouvelles - De Bonte Group\",\"isPartOf\":{\"@id\":\"https:\\\/\\\/debontegroup.com\\\/#website\"},\"datePublished\":\"2022-07-14T13:44:58+00:00\",\"dateModified\":\"2022-11-18T13:45:43+00:00\",\"breadcrumb\":{\"@id\":\"https:\\\/\\\/debontegroup.com\\\/nieuws\\\/#breadcrumb\"},\"inLanguage\":\"fr-FR\",\"potentialAction\":[{\"@type\":\"ReadAction\",\"target\":[\"https:\\\/\\\/debontegroup.com\\\/nieuws\\\/\"]}]},{\"@type\":\"BreadcrumbList\",\"@id\":\"https:\\\/\\\/debontegroup.com\\\/nieuws\\\/#breadcrumb\",\"itemListElement\":[{\"@type\":\"ListItem\",\"position\":1,\"name\":\"Home\",\"item\":\"https:\\\/\\\/debontegroup.com\\\/\"},{\"@type\":\"ListItem\",\"position\":2,\"name\":\"Nouvelles\"}]},{\"@type\":\"WebSite\",\"@id\":\"https:\\\/\\\/debontegroup.com\\\/#website\",\"url\":\"https:\\\/\\\/debontegroup.com\\\/\",\"name\":\"De Bonte Group\",\"description\":\"PUSHING CONCRETE FURTHER\",\"publisher\":{\"@id\":\"https:\\\/\\\/debontegroup.com\\\/#organization\"},\"potentialAction\":[{\"@type\":\"SearchAction\",\"target\":{\"@type\":\"EntryPoint\",\"urlTemplate\":\"https:\\\/\\\/debontegroup.com\\\/?s={search_term_string}\"},\"query-input\":{\"@type\":\"PropertyValueSpecification\",\"valueRequired\":true,\"valueName\":\"search_term_string\"}}],\"inLanguage\":\"fr-FR\"},{\"@type\":\"Organization\",\"@id\":\"https:\\\/\\\/debontegroup.com\\\/#organization\",\"name\":\"De Bonte Group\",\"url\":\"https:\\\/\\\/debontegroup.com\\\/\",\"logo\":{\"@type\":\"ImageObject\",\"inLanguage\":\"fr-FR\",\"@id\":\"https:\\\/\\\/debontegroup.com\\\/#\\\/schema\\\/logo\\\/image\\\/\",\"url\":\"https:\\\/\\\/debontegroup.com\\\/wp-content\\\/uploads\\\/2021\\\/10\\\/De-Bonte-group-logo.png\",\"contentUrl\":\"https:\\\/\\\/debontegroup.com\\\/wp-content\\\/uploads\\\/2021\\\/10\\\/De-Bonte-group-logo.png\",\"width\":1387,\"height\":1240,\"caption\":\"De Bonte Group\"},\"image\":{\"@id\":\"https:\\\/\\\/debontegroup.com\\\/#\\\/schema\\\/logo\\\/image\\\/\"},\"sameAs\":[\"https:\\\/\\\/www.linkedin.com\\\/company\\\/de-bonte-group\\\/\"]}]}<\/script>\n<!-- \/ Yoast SEO plugin. -->","yoast_head_json":{"title":"Nouvelles - De Bonte Group","robots":{"index":"index","follow":"follow","max-snippet":"max-snippet:-1","max-image-preview":"max-image-preview:large","max-video-preview":"max-video-preview:-1"},"canonical":"https:\/\/debontegroup.com\/nieuws\/","og_locale":"fr_FR","og_type":"article","og_title":"Nouvelles - De Bonte Group","og_description":"Derni\u00e8res nouvelles","og_url":"https:\/\/debontegroup.com\/nieuws\/","og_site_name":"De Bonte Group","article_modified_time":"2022-11-18T13:45:43+00:00","twitter_card":"summary_large_image","twitter_misc":{"Dur\u00e9e de lecture estim\u00e9e":"1 minute"},"schema":{"@context":"https:\/\/schema.org","@graph":[{"@type":"WebPage","@id":"https:\/\/debontegroup.com\/nieuws\/","url":"https:\/\/debontegroup.com\/nieuws\/","name":"Nouvelles - De Bonte Group","isPartOf":{"@id":"https:\/\/debontegroup.com\/#website"},"datePublished":"2022-07-14T13:44:58+00:00","dateModified":"2022-11-18T13:45:43+00:00","breadcrumb":{"@id":"https:\/\/debontegroup.com\/nieuws\/#breadcrumb"},"inLanguage":"fr-FR","potentialAction":[{"@type":"ReadAction","target":["https:\/\/debontegroup.com\/nieuws\/"]}]},{"@type":"BreadcrumbList","@id":"https:\/\/debontegroup.com\/nieuws\/#breadcrumb","itemListElement":[{"@type":"ListItem","position":1,"name":"Home","item":"https:\/\/debontegroup.com\/"},{"@type":"ListItem","position":2,"name":"Nouvelles"}]},{"@type":"WebSite","@id":"https:\/\/debontegroup.com\/#website","url":"https:\/\/debontegroup.com\/","name":"De Bonte Group","description":"PUSHING CONCRETE FURTHER","publisher":{"@id":"https:\/\/debontegroup.com\/#organization"},"potentialAction":[{"@type":"SearchAction","target":{"@type":"EntryPoint","urlTemplate":"https:\/\/debontegroup.com\/?s={search_term_string}"},"query-input":{"@type":"PropertyValueSpecification","valueRequired":true,"valueName":"search_term_string"}}],"inLanguage":"fr-FR"},{"@type":"Organization","@id":"https:\/\/debontegroup.com\/#organization","name":"De Bonte Group","url":"https:\/\/debontegroup.com\/","logo":{"@type":"ImageObject","inLanguage":"fr-FR","@id":"https:\/\/debontegroup.com\/#\/schema\/logo\/image\/","url":"https:\/\/debontegroup.com\/wp-content\/uploads\/2021\/10\/De-Bonte-group-logo.png","contentUrl":"https:\/\/debontegroup.com\/wp-content\/uploads\/2021\/10\/De-Bonte-group-logo.png","width":1387,"height":1240,"caption":"De Bonte Group"},"image":{"@id":"https:\/\/debontegroup.com\/#\/schema\/logo\/image\/"},"sameAs":["https:\/\/www.linkedin.com\/company\/de-bonte-group\/"]}]}},"publishpress_future_action":{"enabled":false,"date":"2026-05-09 11:50:06","action":"change-status","newStatus":"draft","terms":[],"taxonomy":"translation_priority","extraData":[]},"publishpress_future_workflow_manual_trigger":{"enabledWorkflows":[]},"_links":{"self":[{"href":"https:\/\/debontegroup.com\/fr\/wp-json\/wp\/v2\/pages\/12294","targetHints":{"allow":["GET"]}}],"collection":[{"href":"https:\/\/debontegroup.com\/fr\/wp-json\/wp\/v2\/pages"}],"about":[{"href":"https:\/\/debontegroup.com\/fr\/wp-json\/wp\/v2\/types\/page"}],"author":[{"embeddable":true,"href":"https:\/\/debontegroup.com\/fr\/wp-json\/wp\/v2\/users\/2"}],"replies":[{"embeddable":true,"href":"https:\/\/debontegroup.com\/fr\/wp-json\/wp\/v2\/comments?post=12294"}],"version-history":[{"count":2,"href":"https:\/\/debontegroup.com\/fr\/wp-json\/wp\/v2\/pages\/12294\/revisions"}],"predecessor-version":[{"id":13409,"href":"https:\/\/debontegroup.com\/fr\/wp-json\/wp\/v2\/pages\/12294\/revisions\/13409"}],"wp:attachment":[{"href":"https:\/\/debontegroup.com\/fr\/wp-json\/wp\/v2\/media?parent=12294"}],"curies":[{"name":"wp","href":"https:\/\/api.w.org\/{rel}","templated":true}]}}